{"id":3802,"date":"2022-11-15T12:43:05","date_gmt":"2022-11-15T11:43:05","guid":{"rendered":"https:\/\/jednostki.uksw.edu.pl\/swf\/studenci\/kalendarz-akademicki\/"},"modified":"2025-07-11T10:12:39","modified_gmt":"2025-07-11T08:12:39","slug":"kalendarz-akademicki","status":"publish","type":"page","link":"https:\/\/swf.uksw.edu.pl\/studenci\/kalendarz-akademicki\/","title":{"rendered":"Harmonogram Roku Akademickiego"},"content":{"rendered":"\n<p class=\"has-text-align-center\"><strong>2025\/2026<\/strong><\/p>\n\n\n\n<h3 class=\"wp-block-heading\">Semestr zimowy<\/h3>\n\n\n\n<figure class=\"wp-block-table\"><table class=\"has-fixed-layout\"><tbody><tr><td>Sesja poprawkowa semestru letniego<br>r.a. 2024\/2025<\/td><td>1\u201314 wrze\u015bnia 2025<\/td><\/tr><tr><td>Rejestracja na&nbsp;przedmioty og\u00f3lnouczelniane<br>w&nbsp;sem. zimowym (studenci powy\u017cej 1 roku studi\u00f3w)<\/td><td>od&nbsp;22 wrze\u015bnia 2025<\/td><\/tr><tr><td>Dni Organizacyjne dla student\u00f3w 1 roku<br>st. stac. I&nbsp;stopnia, II&nbsp;stopnia i&nbsp;jednolitych&nbsp; magisterskich:<\/td><td>23\u201330 wrze\u015bnia 2025<\/td><\/tr><tr><td>\u2013 WNHIS<br>\u2013 WNH<br>\u2013 WPIA, WMP, WSE<br>\u2013 WMCM, WFCH, WBNS, WNP, WSR, WT, WPK<\/td><td>23 wrze\u015bnia 2025<br>25 wrze\u015bnia 2025<br>29 wrze\u015bnia 2025<br>30 wrze\u015bnia 2025<\/td><\/tr><tr><td>Pierwszy dzie\u0144 na&nbsp;studiach stacjonarnych i&nbsp;w&nbsp;Szkole Doktorskiej<\/td><td>1 pa\u017adziernika 2025<\/td><\/tr><tr><td><em>Uroczysta inauguracja roku akademickiego<\/em><\/td><td><em>9 pa\u017adziernika 202<\/em>5<br><em>(wolny od&nbsp;zaj\u0119\u0107 dyd.)<\/em><\/td><\/tr><tr><td>VI Tydzie\u0144 Jako\u015bci Kszta\u0142cenia<\/td><td>20\u201324 pa\u017adziernika 2025<\/td><\/tr><tr><td><em>Dzie\u0144 wolny od&nbsp;zaj\u0119\u0107 dydaktycznych na&nbsp;st. stac.<\/em><\/td><td><em>10 listopada 202<\/em>5<\/td><\/tr><tr><td>Zaj. dyd. na&nbsp;st. stac. odbywaj\u0105 si\u0119 wg&nbsp;planu poniedzia\u0142kowego<\/td><td>12 listopada 2025<br>(<strong>\u015br\u2013&gt; pon<\/strong>)<\/td><\/tr><tr><td>Dzie\u0144 Dost\u0119pno\u015bci w&nbsp;UKSW<\/td><td>25 listopada 2025<\/td><\/tr><tr><td>\u015ar\u00f3dsemestralna sesja egzam. w&nbsp;trakcie zaj\u0119\u0107 dyd.<strong>*<\/strong><\/td><td>1-5 grudnia 2025<\/td><\/tr><tr><td>Op\u0142atek uniwersytecki<\/td><td>18 grudnia 2025<\/td><\/tr><tr><td><em>Przerwa \u015bwi\u0105teczna<\/em><\/td><td><em>22 grudnia 2025<br>\u2013 6 stycznia 2026<\/em><\/td><\/tr><tr><td>Zaj. dyd. na&nbsp;st. stac. odbywaj\u0105 si\u0119 wg&nbsp;planu wtorkowego<\/td><td>9 stycznia 2026<br>(<strong>pt\u2013&gt; wt<\/strong>)<\/td><\/tr><tr><td>Ostatni dzie\u0144 zaj\u0119\u0107 w&nbsp;semestrze zimowym na&nbsp;studiach stac.<\/td><td>3 lutego 2026<\/td><\/tr><tr><td>Egzamin centralny z&nbsp;j\u0119zyka obcego nowo\u017cytnego<\/td><td>4 lutego 2026<\/td><\/tr><tr><td>Sesja egzaminacyjna na&nbsp;studiach stacjonarnych<strong> **<\/strong><\/td><td>4\u201313 lutego 2026<\/td><\/tr><tr><td>Rejestracja na&nbsp;przedmioty og\u00f3lnouczelniane w&nbsp;sem. letnim<\/td><td>od&nbsp;9 lutego 2026<\/td><\/tr><tr><td>Sesja egzaminacyjna na&nbsp;studiach niestacjonarnych<\/td><td>wg&nbsp;plan\u00f3w zjazd\u00f3w<\/td><\/tr><tr><td>Przerwa semestralna dla studi\u00f3w stacjonarnych<\/td><td>14\u201322 lutego 2026<\/td><\/tr><\/tbody><\/table><\/figure>\n\n\n\n<p>semestr zimowy 2025\/2026<\/p>\n\n\n\n<p>* W&nbsp;okresie 1-5 grudnia 2025&nbsp;r. egzaminy i&nbsp;zaliczenia mog\u0105 by\u0107 przeprowadzane pod&nbsp;warunkiem:<br>1) zrealizowania do&nbsp;dnia planowanego egzaminu lub zaliczenia ko\u0144cowego w&nbsp;ca\u0142o\u015bci tre\u015bci programowych danego przedmiotu okre\u015blonych w&nbsp;programie studi\u00f3w;<br>2) uzyskania przez&nbsp;osob\u0119 przeprowadzaj\u0105c\u0105 egzamin lub zaliczenie ko\u0144cowe zgody dziekana na&nbsp;przeprowadzenie egzaminu lub zaliczenia w&nbsp;tym okresie;<br>3) uzyskania pozytywnej opinii wydzia\u0142owej rady samorz\u0105du student\u00f3w albo&nbsp;wydzia\u0142owej rady doktorant\u00f3w w&nbsp;sprawie przeprowadzenia egzaminu lub zaliczenia w&nbsp;tym okresie.<\/p>\n\n\n\n<p>** Pierwszy dzie\u0144 sesji zimowej \u2013 04 lutego 2026&nbsp;r. jest w&nbsp;pierwszej kolejno\u015bci zarezerwowany na&nbsp;zaliczenia ko\u0144cowe przedmiot\u00f3w z&nbsp;oferty og\u00f3lnouczelnianej (tj.&nbsp;wszystkie przedmioty z&nbsp;grupami student\u00f3w z&nbsp;r\u00f3\u017cnych wydzia\u0142\u00f3w).<\/p>\n\n\n\n<h3 class=\"wp-block-heading\">Semestr letni<\/h3>\n\n\n\n<figure class=\"wp-block-table\"><table class=\"has-fixed-layout\"><tbody><tr><td>Pierwszy dzie\u0144 zaj\u0119\u0107 na&nbsp;studiach stacjonarnych<\/td><td>23 lutego 2026<\/td><\/tr><tr><td>Sesja poprawkowa semestru zimowego<\/td><td>2-6 marca 2026<\/td><\/tr><tr><td>Zaj. dyd. na&nbsp;st. stac. odbywaj\u0105 si\u0119 wg&nbsp;planu czwartkowego<\/td><td>1 kwietnia 2026<br>(<strong>\u015br\u2013&gt;czw<\/strong>)<\/td><\/tr><tr><td><em>Przerwa \u015bwi\u0105teczna<\/em><\/td><td><em>2-7 kwietnia 202<\/em>6<\/td><\/tr><tr><td>Dzie\u0144 Otwarty dla kandydat\u00f3w (sobota)<\/td><td>11 kwietnia 2026<\/td><\/tr><tr><td>\u015ar\u00f3dsemestralna sesja egzam. w&nbsp;trakcie zaj\u0119\u0107 dyd<strong>*<\/strong><\/td><td>20-24 kwietnia 2026<\/td><\/tr><tr><td>Promocje doktorskie i&nbsp;habilitacyjne<\/td><td>21 maja 2026<\/td><\/tr><tr><td><em>\u015awi\u0119to UKSW<\/em><\/td><td><em>28 maja 2026<br>(wolny od&nbsp;zaj. dyd.)<\/em><\/td><\/tr><tr><td>Zaj. dyd. na&nbsp;st. stac. odbywaj\u0105 si\u0119 wg&nbsp;planu pi\u0105tkowego*<\/td><td>15 czerwca 2026<br>(<strong>pon\u2013&gt;czw<\/strong>)<\/td><\/tr><tr><td>Ostatni dzie\u0144 zaj. sem. letniego na&nbsp;st. stac.<br>Zaj. dyd. na&nbsp;st. stac. odbywaj\u0105 si\u0119 wg&nbsp;planu czwartkowego<\/td><td>16 czerwca 2026<br>(<strong>wt\u2013&gt;pt<\/strong>)<\/td><\/tr><tr><td>Egzamin centralny z&nbsp;j\u0119zyka obcego nowo\u017cytnego<\/td><td>17 czerwca 2026<\/td><\/tr><tr><td>Sesja egzaminacyjna na&nbsp;studiach stac.**<\/td><td>17\u201330 czerwca 2026<\/td><\/tr><tr><td>Sesja egzaminacyjna na&nbsp;studiach niestacjonarnych<\/td><td>wg&nbsp;plan\u00f3w zjazd\u00f3w,<br>nie&nbsp;d\u0142u\u017cej ni\u017c do<br>28 czerwca 2026<\/td><\/tr><tr><td>Sesja poprawkowa semestru letniego<\/td><td>1\u201314 wrze\u015bnia 2026<\/td><\/tr><\/tbody><\/table><\/figure>\n\n\n\n<p>semestr letni 2025\/2026<\/p>\n\n\n\n<p>* W&nbsp;okresie 20-24 kwietnia 2026&nbsp;r. egzaminy i&nbsp;zaliczenia mog\u0105 by\u0107 przeprowadzane pod&nbsp;warunkiem:<br>1) zrealizowania do&nbsp;dnia planowanego egzaminu lub zaliczenia ko\u0144cowego w&nbsp;ca\u0142o\u015bci tre\u015bci programowych danego przedmiotu okre\u015blonych w&nbsp;programie studi\u00f3w;<br>2) uzyskania przez&nbsp;osob\u0119 przeprowadzaj\u0105c\u0105 egzamin lub zaliczenie ko\u0144cowe zgody dziekana na&nbsp;przeprowadzenie egzaminu lub zaliczenia w&nbsp;tym okresie;<br>3) uzyskania pozytywnej opinii wydzia\u0142owej rady samorz\u0105du student\u00f3w albo&nbsp;wydzia\u0142owej rady doktorant\u00f3w w&nbsp;sprawie przeprowadzenia egzaminu lub zaliczenia w&nbsp;tym okresie.<\/p>\n\n\n\n<p>** Pierwszy dzie\u0144 sesji letniej \u2013 17 czerwca 2026&nbsp;r. jest w&nbsp;pierwszej kolejno\u015bci zarezerwowany na&nbsp;zaliczenia ko\u0144cowe przedmiot\u00f3w z&nbsp;oferty og\u00f3lnouczelnianej (tj.&nbsp;wszystkie przedmioty z&nbsp;grupami student\u00f3w z&nbsp;r\u00f3\u017cnych wydzia\u0142\u00f3w).<\/p>\n\n\n\n<p><\/p>\n\n\n\n<p><\/p>\n\n\n\n<p><strong>2024\/2025<\/strong><\/p>\n\n\n\n<h3 class=\"wp-block-heading\">Semestr zimowy<\/h3>\n\n\n\n<figure class=\"wp-block-table\"><table><tbody><tr><td>Sesja poprawkowa semestru letniego<br>r.a. 2023\/2024<\/td><td>2\u201315 wrze\u015bnia 2024<\/td><\/tr><tr><td>Rejestracja na&nbsp;przedmioty og\u00f3lnouczelniane<br>w&nbsp;sem. zimowym (studenci powy\u017cej 1 roku<br>studi\u00f3w na&nbsp;st. I&nbsp;stopnia<br>i&nbsp;jedn. st. magisterskich oraz&nbsp;st. II&nbsp;stopnia)<\/td><td>od&nbsp;23 wrze\u015bnia 2024<\/td><\/tr><tr><td>Dni Organizacyjne dla student\u00f3w 1 roku<br>st. stac. I&nbsp;stopnia, II&nbsp;stopnia i&nbsp;jednolitych&nbsp; magisterskich:<\/td><td>25\u201330 wrze\u015bnia 2024<\/td><\/tr><tr><td>\u2013 WNHIS<br>\u2013 WNH<br>\u2013 WFCH, WNP, WMP, WSR, WPK,<br>WBNS, WMCM, WPIA, WSE<\/td><td>25 wrze\u015bnia 2024<br>27 wrze\u015bnia 2024<br>30 wrze\u015bnia 2024<\/td><\/tr><tr><td>Pierwszy dzie\u0144 na&nbsp;studiach<strong>*<\/strong> i&nbsp;w&nbsp;Szkole Doktorskiej<\/td><td>1 pa\u017adziernika 2024<\/td><\/tr><tr><td><em>Uroczysta inauguracja roku akademickiego<\/em><\/td><td><em>10 pa\u017adziernika 2024<\/em><br><em>(wolny od&nbsp;zaj\u0119\u0107 dyd.)<\/em><\/td><\/tr><tr><td><em>Dzie\u0144 wolny od&nbsp;zaj\u0119\u0107 dydaktycznych<\/em><br><em>w&nbsp;celu umo\u017cliwienia wszystkim<\/em><br><em>udzia\u0142u w&nbsp;warsztatach Tygodnia Jako\u015bci Kszta\u0142cenia<\/em><\/td><td><em>23 pa\u017adziernika 2024<\/em><\/td><\/tr><tr><td>Zaj\u0119cia dydaktyczne na&nbsp;st. stacjonarnych odbywaj\u0105 si\u0119 wg&nbsp;planu poniedzia\u0142kowego<strong>*<\/strong><\/td><td>12 listopada 2024<br>(<strong>wt\u2013&gt; pon<\/strong>)<\/td><\/tr><tr><td>\u015ar\u00f3dsemestralna sesja egzam. w&nbsp;trakcie<br>zaj\u0119\u0107 dydaktycznych<strong>**<\/strong><\/td><td>9\u201313 grudnia 2024<\/td><\/tr><tr><td>Op\u0142atek uniwersytecki<\/td><td>19 grudnia 2024<\/td><\/tr><tr><td><em>Przerwa \u015bwi\u0105teczna<\/em><\/td><td><em>23 grudnia 2024<br>\u2013 6 stycznia 2025<\/em><\/td><\/tr><tr><td>Ostatni dzie\u0144 zaj\u0119\u0107 w&nbsp;semestrze zimowym<br>na&nbsp;studiach stacjonarnych<\/td><td>3 lutego 2025<\/td><\/tr><tr><td>Egzamin centralny z&nbsp;j\u0119zyka obcego nowo\u017cytnego<\/td><td>4 lutego 2025<\/td><\/tr><tr><td>Sesja egzaminacyjna na&nbsp;studiach stacjonarnych<strong> ***<\/strong><\/td><td>4\u201312 lutego 2025<\/td><\/tr><tr><td>Rejestracja na&nbsp;przedmioty<br>og\u00f3lnouczelniane w&nbsp;sem. letnim<\/td><td>od&nbsp;10 lutego 2025<\/td><\/tr><tr><td>Sesja egzaminacyjna na&nbsp;studiach niestacjonarnych<\/td><td>wg&nbsp;plan\u00f3w zjazd\u00f3w<\/td><\/tr><tr><td>Przerwa semestralna dla studi\u00f3w stacjonarnych<\/td><td>13\u201321 lutego 2025<\/td><\/tr><\/tbody><\/table><\/figure>\n\n\n\n<p>semestr zimowy 2024\/2025<\/p>\n\n\n\n<p><strong>*<\/strong> Pierwszy dzie\u0144 zaj\u0119\u0107 na&nbsp;studiach na&nbsp;kierunku in\u017cynieria \u015brodowiska II&nbsp;stopnia II&nbsp;semestr \u2013 24 pa\u017adziernika 2024&nbsp;r. ze&nbsp;wzgl\u0119du na&nbsp;trzymiesi\u0119czn\u0105 praktyk\u0119 zawodow\u0105 w&nbsp;okresie od&nbsp;1 sierpnia do&nbsp;23 pa\u017adziernika 2024&nbsp;r.<br>Ze&nbsp;wzgl\u0119du na&nbsp;organizacj\u0119 zaj\u0119\u0107 na&nbsp;WUM, Dziekan WMCM poda do&nbsp;informacji student\u00f3w kierunku lekarskiego i&nbsp;kierunku piel\u0119gniarstwo w&nbsp;pierwszym tygodniu ka\u017cdego semestru<\/p>\n\n\n\n<p><strong>**<\/strong> W&nbsp;okresie 9\u201313 grudnia 2024&nbsp;r. egzaminy i&nbsp;zaliczenia mog\u0105 by\u0107 przeprowadzane w&nbsp;trakcie zaj\u0119\u0107 dydaktycznych, pod&nbsp;warunkiem:<br>\u2013 zrealizowania do&nbsp;dnia planowanego egzaminu lub zaliczenia ko\u0144cowego w&nbsp;ca\u0142o\u015bci tre\u015bci programowych danego przedmiotu okre\u015blonych w&nbsp;programie studi\u00f3w;<br>\u2013 uzyskania przez&nbsp;osob\u0119 przeprowadzaj\u0105c\u0105 egzamin lub zaliczenie ko\u0144cowe zgody dziekana na&nbsp;przeprowadzenie egzaminu lub zaliczenia w&nbsp;tym okresie;<br>\u2013 uzyskania pozytywnej opinii wydzia\u0142owej rady samorz\u0105du student\u00f3w albo&nbsp;wydzia\u0142owej rady doktorant\u00f3w w&nbsp;sprawie przeprowadzenia egzaminu lub zaliczenia w&nbsp;tym okresie.<\/p>\n\n\n\n<p><strong>***<\/strong> Pierwszy dzie\u0144 sesji zimowej 04.02.2024&nbsp;r. jest w&nbsp;pierwszej kolejno\u015bci zarezerwowany na&nbsp;zaliczenia ko\u0144cowe przedmiot\u00f3w og\u00f3lnouczelnianych (wszystkie przedmioty z&nbsp;grupami student\u00f3w z&nbsp;r\u00f3\u017cnych wydzia\u0142\u00f3w).<\/p>\n\n\n\n<p>Ustala si\u0119 dni:<br><strong>\u2013 21\u201325 pa\u017adziernika 2025&nbsp;r.<\/strong> \u2013 V&nbsp;Tydzie\u0144 Jako\u015bci Kszta\u0142cenia \u2013 organizuje Dzia\u0142 Innowacji Dydaktycznych Szkole\u0144 i&nbsp;Jako\u015bci Kszta\u0142cenia;<br><strong>\u2013 25 listopada 2025&nbsp;r.<\/strong> (pon.) \u2013 Dzie\u0144 Niepe\u0142nosprawno\u015bci UKSW \u2013 organizuje Biuro Os\u00f3b z&nbsp;Niepe\u0142nosprawno\u015bci\u0105<\/p>\n\n\n\n<h3 class=\"wp-block-heading\">Semestr letni<\/h3>\n\n\n\n<figure class=\"wp-block-table\"><table><tbody><tr><td>Pierwszy dzie\u0144 zaj\u0119\u0107 na&nbsp;studiach stacjonarnych<\/td><td>24 lutego 2025<\/td><\/tr><tr><td>Sesja poprawkowa semestru zimowego<\/td><td>3\u20139 marca 2025<\/td><\/tr><tr><td>Dzie\u0144 Otwarty dla kandydat\u00f3w (sobota)<\/td><td>5 kwietnia 2025<\/td><\/tr><tr><td><em>Przerwa \u015bwi\u0105teczna<\/em><\/td><td><em>17\u201322 kwietnia 2025<\/em><\/td><\/tr><tr><td><em>dodatkowy dzie\u0144 wolny od&nbsp;zaj\u0119\u0107 dydaktycznych na&nbsp;studiach stac.<\/em><\/td><td><em>2 maja 2025 (pt)<\/em><\/td><\/tr><tr><td>Promocje doktorskie i&nbsp;habilitacyjne<\/td><td>22 maja 2025<\/td><\/tr><tr><td>Msza \u015aw. z&nbsp;okazji \u015awi\u0119ta UKSW<\/td><td><em>25 maja 2025<\/em><\/td><\/tr><tr><td><em>\u015awi\u0119to UKSW<\/em><\/td><td><em>28 maja 2025<br>(wolny od&nbsp;zaj. dyd.)<\/em><\/td><\/tr><tr><td>Zaj. dyd. na&nbsp;st. stac. odbywaj\u0105 si\u0119 wg&nbsp;planu pi\u0105tkowego*<\/td><td>16 czerwca 2025<br>(<strong>pon\u2013&gt;pt<\/strong>)<\/td><\/tr><tr><td>Ostatni dzie\u0144 zaj. sem. letniego na&nbsp;st. stac.<br>Zaj. dyd. na&nbsp;st. stac. odbywaj\u0105 si\u0119 wg&nbsp;planu czwartkowego*<\/td><td>17 czerwca 2025<br>(<strong>wt\u2013&gt;czw<\/strong>)<\/td><\/tr><tr><td>Egzamin centralny z&nbsp;j\u0119zyka obcego nowo\u017cytnego<\/td><td>17 czerwca 2025<\/td><\/tr><tr><td>Sesja egzaminacyjna na&nbsp;studiach stac.***<\/td><td>18\u201329 czerwca 2025<\/td><\/tr><tr><td>Sesja egzaminacyjna na&nbsp;studiach niestacjonarnych<\/td><td>wg&nbsp;plan\u00f3w zjazd\u00f3w,<br>nie&nbsp;d\u0142u\u017cej ni\u017c do<br>30 czerwca 2025<\/td><\/tr><tr><td>Sesja poprawkowa semestru letniego<\/td><td>1\u201314 wrze\u015bnia 2025<\/td><\/tr><\/tbody><\/table><\/figure>\n\n\n\n<p>semestr letni 2024\/2025<\/p>\n\n\n\n<p><strong>**<\/strong> W&nbsp;okresie 5\u20139 maja 2025&nbsp;r. egzaminy i&nbsp;zaliczenia mog\u0105 by\u0107 przeprowadzane w&nbsp;trakcie zaj\u0119\u0107 dydaktycznych, pod&nbsp;warunkiem:<br>\u2013 zrealizowania do&nbsp;dnia planowanego egzaminu lub zaliczenia ko\u0144cowego w&nbsp;ca\u0142o\u015bci tre\u015bci programowych danego przedmiotu okre\u015blonych w&nbsp;programie studi\u00f3w;<br>\u2013 uzyskania przez&nbsp;osob\u0119 przeprowadzaj\u0105c\u0105 egzamin lub zaliczenie ko\u0144cowe zgody dziekana na&nbsp;przeprowadzenie egzaminu lub zaliczenia w&nbsp;tym okresie;<br>\u2013 uzyskania pozytywnej opinii wydzia\u0142owej rady samorz\u0105du student\u00f3w albo&nbsp;wydzia\u0142owej rady doktorant\u00f3w w&nbsp;sprawie przeprowadzenia egzaminu lub zaliczenia w&nbsp;tym okresie.<\/p>\n\n\n\n<p><strong>***<\/strong> Pierwszy dzie\u0144 sesji letniej 18.06.2025&nbsp;r. jest w&nbsp;pierwszej kolejno\u015bci zarezerwowany na&nbsp;zaliczenia ko\u0144cowe przedmiot\u00f3w og\u00f3lnouczelnianych (wszystkie przedmioty z&nbsp;grupami student\u00f3w z&nbsp;r\u00f3\u017cnych wydzia\u0142\u00f3w).<\/p>\n\n\n\n<p>Ustala si\u0119:<br><strong>\u2013 5 kwietnia 2025&nbsp;r. <\/strong>(sobota) \u2013 Dzie\u0144 Otwarty dla kandydat\u00f3w na&nbsp;studia I&nbsp;i&nbsp;II&nbsp;stopnia \u2013 organizuje Biuro Komunikacji i&nbsp;Promocji wsp\u00f3lnie z&nbsp;Biurem Rekrutacji oraz&nbsp;Wydzia\u0142ami UKSW.<\/p>\n","protected":false},"excerpt":{"rendered":"<p>2025\/2026 Semestr zimowy Sesja poprawkowa semestru letniegor.a. 2024\/2025 1\u201314 wrze\u015bnia 2025 Rejestracja na&nbsp;przedmioty og\u00f3lnouczelnianew&nbsp;sem. zimowym (studenci powy\u017cej 1 roku studi\u00f3w) od&nbsp;22 wrze\u015bnia 2025 Dni Organizacyjne dla student\u00f3w 1 rokust. stac. I&nbsp;stopnia, II&nbsp;stopnia i&nbsp;jednolitych&nbsp; magisterskich: 23\u201330 wrze\u015bnia 2025 \u2013 WNHIS\u2013 WNH\u2013 WPIA, WMP, WSE\u2013 WMCM, WFCH, WBNS, WNP, WSR, WT, WPK 23 wrze\u015bnia 202525 wrze\u015bnia 202529 [&hellip;]<\/p>\n","protected":false},"author":1,"featured_media":4558,"parent":3801,"menu_order":3,"comment_status":"closed","ping_status":"closed","template":"page-templates\/template-sub-page.php","meta":{"_acf_changed":false,"inline_featured_image":false,"footnotes":"","_links_to":"","_links_to_target":""},"class_list":["post-3802","page","type-page","status-publish","has-post-thumbnail","hentry"],"acf":[],"_links":{"self":[{"href":"https:\/\/swf.uksw.edu.pl\/pl\/wp-json\/wp\/v2\/pages\/3802","targetHints":{"allow":["GET"]}}],"collection":[{"href":"https:\/\/swf.uksw.edu.pl\/pl\/wp-json\/wp\/v2\/pages"}],"about":[{"href":"https:\/\/swf.uksw.edu.pl\/pl\/wp-json\/wp\/v2\/types\/page"}],"author":[{"embeddable":true,"href":"https:\/\/swf.uksw.edu.pl\/pl\/wp-json\/wp\/v2\/users\/1"}],"replies":[{"embeddable":true,"href":"https:\/\/swf.uksw.edu.pl\/pl\/wp-json\/wp\/v2\/comments?post=3802"}],"version-history":[{"count":38,"href":"https:\/\/swf.uksw.edu.pl\/pl\/wp-json\/wp\/v2\/pages\/3802\/revisions"}],"predecessor-version":[{"id":5457,"href":"https:\/\/swf.uksw.edu.pl\/pl\/wp-json\/wp\/v2\/pages\/3802\/revisions\/5457"}],"up":[{"embeddable":true,"href":"https:\/\/swf.uksw.edu.pl\/pl\/wp-json\/wp\/v2\/pages\/3801"}],"wp:featuredmedia":[{"embeddable":true,"href":"https:\/\/swf.uksw.edu.pl\/pl\/wp-json\/wp\/v2\/media\/4558"}],"wp:attachment":[{"href":"https:\/\/swf.uksw.edu.pl\/pl\/wp-json\/wp\/v2\/media?parent=3802"}],"curies":[{"name":"wp","href":"https:\/\/api.w.org\/{rel}","templated":true}]}}