{"id":3800,"date":"2022-11-15T12:43:04","date_gmt":"2022-11-15T11:43:04","guid":{"rendered":"https:\/\/jednostki.uksw.edu.pl\/swf\/o-nas\/"},"modified":"2025-10-24T12:28:48","modified_gmt":"2025-10-24T10:28:48","slug":"o-nas","status":"publish","type":"page","link":"https:\/\/swf.uksw.edu.pl\/o-nas\/","title":{"rendered":"O nas"},"content":{"rendered":"\r\n<div class=\"\">\r\n\r\n<div class=\"row\">\r\n\r\n  \r\n\r\n\r\n     <div class=\"col-xl-12 col-lg-6 col-md-12 col-sm-12 project\">\r\n\t\t\t<div class=\"contact_box project_box\">\r\n\t\t\t<div class=\"headingh2\">Kierownik Studium Wychowania Fizycznego UKSW<\/div>\r\n\t\t\t<div class=\"headingh3\">mgr Artur Konior<\/div><br>\r\n\r\n\r\n\t\t\t<p><a href=\"mailto:a.konior@uksw.edu.pl\">a.konior@uksw.edu.pl<\/a><br \/>\n<del><\/del><\/p>\n<p>Kontakt telefoniczny mo\u017cliwy jest tylko podczas dy\u017cur\u00f3w przez sekretariat<\/p>\n<p>(22) 380 97 05<br \/>\nul. W\u00f3ycickiego 1\/3, bud. 5, p. 103<\/p>\n<p>&nbsp;<\/p>\n\t\t\t<\/div>\r\n    <\/div>\r\n\r\n\t\r\n\t \r\n\r\n\r\n<\/div>\r\n  \r\n<\/div>\r\n\n\n\n<p>Do zada\u0144 Studium nale\u017cy w szczeg\u00f3lno\u015bci:<\/p>\n\n\n\n<ol class=\"wp-block-list\">\n<li>realizacja programu wychowania fizycznego dla student\u00f3w, zgodnie ze standardami kszta\u0142cenia;<\/li>\n\n\n\n<li>opracowywanie oraz realizacja dzia\u0142alno\u015bci dydaktycznej i sportowej w zakresie zaj\u0119\u0107 dla student\u00f3w, w oparciu o posiadan\u0105 baz\u0119 sportow\u0105 niezb\u0119dn\u0105 dla realizacji uczelnianego programu wychowania fizycznego, sportu, turystki i rekreacji;<\/li>\n\n\n\n<li>zapewnienie warunk\u00f3w kadrowych dla wykonania zada\u0144 Studium oraz odpowiedniego sprz\u0119tu umo\u017cliwiaj\u0105cego prowadzenie zaj\u0119\u0107 dydaktycznych;<\/li>\n\n\n\n<li>prowadzenie fakultatywnych form z zakresu kultury fizycznej na wszystkich poziomach kszta\u0142cenia, organizowanie zaj\u0119\u0107 sportowo-rekreacyjnych dla student\u00f3w oraz s\u0142uchaczy szk\u00f3\u0142 doktorskich nie obj\u0119tych obowi\u0105zkowymi zaj\u0119ciami oraz dla pracownik\u00f3w uczelni;<\/li>\n\n\n\n<li>wykonywanie innych zada\u0144 wynikaj\u0105cych z uchwa\u0142 Senatu oraz zarz\u0105dze\u0144 Rektora.<\/li>\n<\/ol>\n","protected":false},"excerpt":{"rendered":"<p>Do zada\u0144 Studium nale\u017cy w szczeg\u00f3lno\u015bci:<\/p>\n","protected":false},"author":1,"featured_media":4674,"parent":0,"menu_order":1,"comment_status":"closed","ping_status":"closed","template":"page-templates\/template-sub-page.php","meta":{"_acf_changed":false,"inline_featured_image":false,"footnotes":"","_links_to":"","_links_to_target":""},"class_list":["post-3800","page","type-page","status-publish","has-post-thumbnail","hentry"],"acf":[],"_links":{"self":[{"href":"https:\/\/swf.uksw.edu.pl\/pl\/wp-json\/wp\/v2\/pages\/3800","targetHints":{"allow":["GET"]}}],"collection":[{"href":"https:\/\/swf.uksw.edu.pl\/pl\/wp-json\/wp\/v2\/pages"}],"about":[{"href":"https:\/\/swf.uksw.edu.pl\/pl\/wp-json\/wp\/v2\/types\/page"}],"author":[{"embeddable":true,"href":"https:\/\/swf.uksw.edu.pl\/pl\/wp-json\/wp\/v2\/users\/1"}],"replies":[{"embeddable":true,"href":"https:\/\/swf.uksw.edu.pl\/pl\/wp-json\/wp\/v2\/comments?post=3800"}],"version-history":[{"count":23,"href":"https:\/\/swf.uksw.edu.pl\/pl\/wp-json\/wp\/v2\/pages\/3800\/revisions"}],"predecessor-version":[{"id":5514,"href":"https:\/\/swf.uksw.edu.pl\/pl\/wp-json\/wp\/v2\/pages\/3800\/revisions\/5514"}],"wp:featuredmedia":[{"embeddable":true,"href":"https:\/\/swf.uksw.edu.pl\/pl\/wp-json\/wp\/v2\/media\/4674"}],"wp:attachment":[{"href":"https:\/\/swf.uksw.edu.pl\/pl\/wp-json\/wp\/v2\/media?parent=3800"}],"curies":[{"name":"wp","href":"https:\/\/api.w.org\/{rel}","templated":true}]}}