{"id":3362,"date":"2022-08-03T11:35:40","date_gmt":"2022-08-03T09:35:40","guid":{"rendered":"https:\/\/jednostki.uksw.edu.pl\/?page_id=2780"},"modified":"2024-09-04T12:40:58","modified_gmt":"2024-09-04T10:40:58","slug":"kontakt-2","status":"publish","type":"page","link":"https:\/\/swf.uksw.edu.pl\/kontakt-2\/","title":{"rendered":"Kontakt"},"content":{"rendered":"\r\n<div class=\"\">\r\n\r\n<div class=\"row\">\r\n\r\n  \r\n\r\n\r\n     <div class=\"col-xl-6 col-lg-6 col-md-12 col-sm-12 project\">\r\n\t\t\t<div class=\"contact_box project_box\">\r\n\t\t\t<div class=\"headingh2\">Kierownik SWF UKSW<\/div>\r\n\t\t\t<div class=\"headingh3\">mgr Artur Konior<\/div><br>\r\n\r\n\r\n\t\t\t<p><a href=\"mailto:a.konior@uksw.edu.pl\">a.konior(at)uksw.edu.pl<\/a><br \/>\nAktualne informacje o dy\u017curach znajduj\u0105 si\u0119 w zak\u0142adce dla student\u00f3w &#8211;&gt; dy\u017cury<del><br \/>\n<\/del><\/p>\n<p>Kontakt telefoniczny mo\u017cliwy jest tylko\u00a0podczas dy\u017cur\u00f3w przez\u00a0sekretariat<\/p>\n<p>(22) 380 97 05<br \/>\nul. W\u00f3ycickiego 1\/3, bud. 5, p.\u00a0103<\/p>\n\t\t\t<\/div>\r\n    <\/div>\r\n\r\n\t\r\n\r\n\r\n     <div class=\"col-xl-6 col-lg-6 col-md-12 col-sm-12 project\">\r\n\t\t\t<div class=\"contact_box project_box\">\r\n\t\t\t<div class=\"headingh2\">Sekretariat SWF<\/div>\r\n\t\t\t<div class=\"headingh3\">Wiktor Sylin<\/div><br>\r\n\r\n\r\n\t\t\t<p><a href=\"mailto:swf@uksw.edu.pl\">swf(at)uksw.edu.pl<\/a><\/p>\n<p><strong>ul. W\u00f3ycickiego 1\/3, bud. 5, pok\u00f3j 102<\/strong><del><\/del><br \/>\nTelefon:\u00a0<a href=\"tel:(22) 380 97 05\">(22) 380 97 05<\/a>, wew. 485<\/p>\n<p><strong>Kontakt telefoniczny mo\u017cliwy jest w godz.\u00a0 9.00 &#8211; 13.00<\/strong><\/p>\n<p><strong>Sekretariat czynny:<\/strong><br \/>\nPoniedzia\u0142ek 9.00 &#8211; 13.00<br \/>\nWtorek 9.00 &#8211; 13.00<br \/>\n\u015aroda 9.00 &#8211; 13.00<br \/>\nCzwartek 9.00 &#8211; 13.00<br \/>\nPi\u0105tek 9.00 &#8211; 13:00<\/p>\n<p>&nbsp;<\/p>\n\t\t\t<\/div>\r\n    <\/div>\r\n\r\n\t\r\n\t \r\n\r\n\r\n<\/div>\r\n  \r\n<\/div>\r\n","protected":false},"excerpt":{"rendered":"","protected":false},"author":7,"featured_media":4579,"parent":0,"menu_order":0,"comment_status":"closed","ping_status":"closed","template":"page-templates\/template-sub-page.php","meta":{"_acf_changed":false,"inline_featured_image":false,"footnotes":"","_links_to":"","_links_to_target":""},"class_list":["post-3362","page","type-page","status-publish","has-post-thumbnail","hentry"],"acf":[],"_links":{"self":[{"href":"https:\/\/swf.uksw.edu.pl\/pl\/wp-json\/wp\/v2\/pages\/3362","targetHints":{"allow":["GET"]}}],"collection":[{"href":"https:\/\/swf.uksw.edu.pl\/pl\/wp-json\/wp\/v2\/pages"}],"about":[{"href":"https:\/\/swf.uksw.edu.pl\/pl\/wp-json\/wp\/v2\/types\/page"}],"author":[{"embeddable":true,"href":"https:\/\/swf.uksw.edu.pl\/pl\/wp-json\/wp\/v2\/users\/7"}],"replies":[{"embeddable":true,"href":"https:\/\/swf.uksw.edu.pl\/pl\/wp-json\/wp\/v2\/comments?post=3362"}],"version-history":[{"count":61,"href":"https:\/\/swf.uksw.edu.pl\/pl\/wp-json\/wp\/v2\/pages\/3362\/revisions"}],"predecessor-version":[{"id":5094,"href":"https:\/\/swf.uksw.edu.pl\/pl\/wp-json\/wp\/v2\/pages\/3362\/revisions\/5094"}],"wp:featuredmedia":[{"embeddable":true,"href":"https:\/\/swf.uksw.edu.pl\/pl\/wp-json\/wp\/v2\/media\/4579"}],"wp:attachment":[{"href":"https:\/\/swf.uksw.edu.pl\/pl\/wp-json\/wp\/v2\/media?parent=3362"}],"curies":[{"name":"wp","href":"https:\/\/api.w.org\/{rel}","templated":true}]}}