{"id":3361,"date":"2022-08-03T11:35:18","date_gmt":"2022-08-03T09:35:18","guid":{"rendered":"https:\/\/jednostki.uksw.edu.pl\/?page_id=2775"},"modified":"2022-12-20T07:51:09","modified_gmt":"2022-12-20T06:51:09","slug":"galeria","status":"publish","type":"page","link":"https:\/\/swf.uksw.edu.pl\/galeria\/","title":{"rendered":"Galeria"},"content":{"rendered":"   <div class=\"\">\n\n\n<div class=\"news_page\">\n                <div class=\"container\"> \n                        <div class=\"row\">\n                                <div class=\"col-xl-10 col-lg-10 col-md-9 col-sm-12\">\n                                        <div class=\"heading_bg_in1\">\n                                        <div class=\"headingh2\">Przegl\u0105daj interesuj\u0105c\u0105 Ci\u0119 galeri\u0119:<\/div>\n                                        <\/div>\n                                <\/div>\n                                <div class=\"col-xl-2 col-lg-2 col-md-3 col-sm-12\">\n                                                                    <\/div>\n                        <\/div>\n\n                        <div class=\"row\">\n                                                 \n\n                                    \n\n                       <div class=\"col-xxl-4 col-xl-6 col-lg-6 col-md-12 col-sm-12 project\">\n                          <a href=\"https:\/\/swf.uksw.edu.pl\/?post_type=post&#038;p=4483\">\n                                <div class=\"image_container project_box\">\n                                    <img decoding=\"async\" src=\"https:\/\/swf.uksw.edu.pl\/wp-content\/uploads\/sites\/28\/2022\/11\/kajaki_2014_12-507x388.jpg\" class=\"image_inner\" alt=\"\">\n                                        <div class=\"overlay\">\n                                            <div class=\"text\">\n                                                <div class=\"text1\">Sp\u0142yw kajakowy dla student\u00f3w UKSW 2014<\/div>\n                                                <div class=\"text2\"><\/div>\n                                            <\/div>\n                                        <\/div>\n                                <\/div>\n                                <\/a>\n                          <\/div>\n\n                                       \n\n                                        \n\n                       <div class=\"col-xxl-4 col-xl-6 col-lg-6 col-md-12 col-sm-12 project\">\n                          <a href=\"https:\/\/swf.uksw.edu.pl\/?post_type=post&#038;p=4370\">\n                                <div class=\"image_container project_box\">\n                                    <img decoding=\"async\" src=\"https:\/\/swf.uksw.edu.pl\/wp-content\/uploads\/sites\/28\/2022\/11\/splyw_kajakowy_2016_7-507x388.jpg\" class=\"image_inner\" alt=\"\">\n                                        <div class=\"overlay\">\n                                            <div class=\"text\">\n                                                <div class=\"text1\">Sp\u0142yw kajakowy dla pracownik\u00f3w UKSW 4 czerwca 2016<\/div>\n                                                <div class=\"text2\"><\/div>\n                                            <\/div>\n                                        <\/div>\n                                <\/div>\n                                <\/a>\n                          <\/div>\n\n                                       \n\n                                        \n\n                       <div class=\"col-xxl-4 col-xl-6 col-lg-6 col-md-12 col-sm-12 project\">\n                          <a href=\"https:\/\/swf.uksw.edu.pl\/?post_type=post&#038;p=4463\">\n                                <div class=\"image_container project_box\">\n                                    <img decoding=\"async\" src=\"https:\/\/swf.uksw.edu.pl\/wp-content\/uploads\/sites\/28\/2022\/11\/nordic_walking_2014_15-507x388.jpg\" class=\"image_inner\" alt=\"\">\n                                        <div class=\"overlay\">\n                                            <div class=\"text\">\n                                                <div class=\"text1\">Nordic Walking 2014<\/div>\n                                                <div class=\"text2\"><\/div>\n                                            <\/div>\n                                        <\/div>\n                                <\/div>\n                                <\/a>\n                          <\/div>\n\n                                       \n\n                                        \n\n                       <div class=\"col-xxl-4 col-xl-6 col-lg-6 col-md-12 col-sm-12 project\">\n                          <a href=\"https:\/\/swf.uksw.edu.pl\/?post_type=post&#038;p=4433\">\n                                <div class=\"image_container project_box\">\n                                    <img decoding=\"async\" src=\"https:\/\/swf.uksw.edu.pl\/wp-content\/uploads\/sites\/28\/2022\/11\/Zajecia_zumby_i_fitness_38-450x388.jpg\" class=\"image_inner\" alt=\"\">\n                                        <div class=\"overlay\">\n                                            <div class=\"text\">\n                                                <div class=\"text1\">Zaj\u0119cia zumby i fitness 2014<\/div>\n                                                <div class=\"text2\"><\/div>\n                                            <\/div>\n                                        <\/div>\n                                <\/div>\n                                <\/a>\n                          <\/div>\n\n                                       \n\n                                        \n\n                       <div class=\"col-xxl-4 col-xl-6 col-lg-6 col-md-12 col-sm-12 project\">\n                          <a href=\"https:\/\/swf.uksw.edu.pl\/?post_type=post&#038;p=4382\">\n                                <div class=\"image_container project_box\">\n                                    <img decoding=\"async\" src=\"https:\/\/swf.uksw.edu.pl\/wp-content\/uploads\/sites\/28\/2022\/11\/Turniej_o_Puchar_Rektora_2015_117-507x388.jpg\" class=\"image_inner\" alt=\"\">\n                                        <div class=\"overlay\">\n                                            <div class=\"text\">\n                                                <div class=\"text1\">Turniej o Puchar Rektora UKSW 2015<\/div>\n                                                <div class=\"text2\"><\/div>\n                                            <\/div>\n                                        <\/div>\n                                <\/div>\n                                <\/a>\n                          <\/div>\n\n                                       \n\n                                        \n\n                       <div class=\"col-xxl-4 col-xl-6 col-lg-6 col-md-12 col-sm-12 project\">\n                          <a href=\"https:\/\/swf.uksw.edu.pl\/?post_type=post&#038;p=4420\">\n                                <div class=\"image_container project_box\">\n                                    <img decoding=\"async\" src=\"https:\/\/swf.uksw.edu.pl\/wp-content\/uploads\/sites\/28\/2022\/11\/splyw_pracownikow_23_maja_2015_5-507x388.jpg\" class=\"image_inner\" alt=\"\">\n                                        <div class=\"overlay\">\n                                            <div class=\"text\">\n                                                <div class=\"text1\">Sp\u0142yw kajakowy dla pracownik\u00f3w UKSW 23 maja 2015<\/div>\n                                                <div class=\"text2\"><\/div>\n                                            <\/div>\n                                        <\/div>\n                                <\/div>\n                                <\/a>\n                          <\/div>\n\n                                       \n\n                                        \n\n                       <div class=\"col-xxl-4 col-xl-6 col-lg-6 col-md-12 col-sm-12 project\">\n                          <a href=\"https:\/\/swf.uksw.edu.pl\/?post_type=post&#038;p=4338\">\n                                <div class=\"image_container project_box\">\n                                    <img decoding=\"async\" src=\"https:\/\/swf.uksw.edu.pl\/wp-content\/uploads\/sites\/28\/2022\/11\/oboz_zeglarski_studenci_2015_12-507x388.jpg\" class=\"image_inner\" alt=\"\">\n                                        <div class=\"overlay\">\n                                            <div class=\"text\">\n                                                <div class=\"text1\">Ob\u00f3z \u017ceglarski na Mazurach ze studentami&#8230;<\/div>\n                                                <div class=\"text2\"><\/div>\n                                            <\/div>\n                                        <\/div>\n                                <\/div>\n                                <\/a>\n                          <\/div>\n\n                                       \n\n                                        \n\n                       <div class=\"col-xxl-4 col-xl-6 col-lg-6 col-md-12 col-sm-12 project\">\n                          <a href=\"https:\/\/swf.uksw.edu.pl\/?post_type=post&#038;p=4284\">\n                                <div class=\"image_container project_box\">\n                                    <img decoding=\"async\" src=\"https:\/\/swf.uksw.edu.pl\/wp-content\/uploads\/sites\/28\/2022\/11\/wedrowny_oboz_gorski_ze_studentami_tatry_2015_139-507x388.jpg\" class=\"image_inner\" alt=\"\">\n                                        <div class=\"overlay\">\n                                            <div class=\"text\">\n                                                <div class=\"text1\">W\u0119drowny ob\u00f3z g\u00f3rski ze studentami (Tatry 2015)<\/div>\n                                                <div class=\"text2\"><\/div>\n                                            <\/div>\n                                        <\/div>\n                                <\/div>\n                                <\/a>\n                          <\/div>\n\n                                       \n\n                                        \n\n                       <div class=\"col-xxl-4 col-xl-6 col-lg-6 col-md-12 col-sm-12 project\">\n                          <a href=\"https:\/\/swf.uksw.edu.pl\/?post_type=post&#038;p=4263\">\n                                <div class=\"image_container project_box\">\n                                    <img decoding=\"async\" src=\"https:\/\/swf.uksw.edu.pl\/wp-content\/uploads\/sites\/28\/2022\/11\/wedrowny_oboz_gorski_ze_studentami_2016_6.jpg\" class=\"image_inner\" alt=\"\">\n                                        <div class=\"overlay\">\n                                            <div class=\"text\">\n                                                <div class=\"text1\">W\u0119dr\u00f3wki g\u00f3rskie ze studentami&#8230;<\/div>\n                                                <div class=\"text2\"><\/div>\n                                            <\/div>\n                                        <\/div>\n                                <\/div>\n                                <\/a>\n                          <\/div>\n\n                                       \n\n                                        \n                                        <div class=\"col-xl-12\">\n                                                                                  <div class=\"pages\"><nav aria-label=\"Nawigacja stron\">\r\n\t\t\t\r\n\t\t\t<ul class=\"pagination \"><li class=\"page-item\"><a class=\"page-link\" href=\"#\" aria-label=\"Poprzednia strona \">\r\n       <span aria-hidden=\"true\"><img decoding=\"async\" src=\"https:\/\/swf.uksw.edu.pl\/wp-content\/themes\/uksw\/images\/grey_page_arrow.svg\" alt=\"\"> <\/span><\/a><\/li><li class=\"page-item\"><span aria-current=\"page\" class=\"page-link  current\">1<\/span><\/li><li class=\"page-item\"><a class=\"page-link\" aria-label=\"2. strona \" href=\"https:\/\/swf.uksw.edu.pl\/pl\/wp-json\/wp\/v2\/pages\/3361\/page\/2\/\">2<\/a><\/li><li class=\"page-item\"><a class=\"page-link next but_next\" aria-label=\"Nast\u0119pna strona \" href=\"https:\/\/swf.uksw.edu.pl\/pl\/wp-json\/wp\/v2\/pages\/3361\/page\/2\/\"><img decoding=\"async\" src=\"https:\/\/swf.uksw.edu.pl\/wp-content\/themes\/uksw\/images\/blue_page_arrow.svg\" alt=\"Nast\u0119pna\"><\/a><\/li><\/ul>\r\n\r\n\t\t<\/nav><\/div>                                          <\/div>\n                            \n                        <\/div>\n\n\n                <\/div>\n        <\/div>\n\n\n<\/div>\n","protected":false},"excerpt":{"rendered":"","protected":false},"author":7,"featured_media":4576,"parent":0,"menu_order":0,"comment_status":"closed","ping_status":"closed","template":"page-templates\/template-sub-page.php","meta":{"_acf_changed":false,"inline_featured_image":false,"footnotes":"","_links_to":"","_links_to_target":""},"class_list":["post-3361","page","type-page","status-publish","has-post-thumbnail","hentry"],"acf":[],"_links":{"self":[{"href":"https:\/\/swf.uksw.edu.pl\/pl\/wp-json\/wp\/v2\/pages\/3361","targetHints":{"allow":["GET"]}}],"collection":[{"href":"https:\/\/swf.uksw.edu.pl\/pl\/wp-json\/wp\/v2\/pages"}],"about":[{"href":"https:\/\/swf.uksw.edu.pl\/pl\/wp-json\/wp\/v2\/types\/page"}],"author":[{"embeddable":true,"href":"https:\/\/swf.uksw.edu.pl\/pl\/wp-json\/wp\/v2\/users\/7"}],"replies":[{"embeddable":true,"href":"https:\/\/swf.uksw.edu.pl\/pl\/wp-json\/wp\/v2\/comments?post=3361"}],"version-history":[{"count":12,"href":"https:\/\/swf.uksw.edu.pl\/pl\/wp-json\/wp\/v2\/pages\/3361\/revisions"}],"predecessor-version":[{"id":4678,"href":"https:\/\/swf.uksw.edu.pl\/pl\/wp-json\/wp\/v2\/pages\/3361\/revisions\/4678"}],"wp:featuredmedia":[{"embeddable":true,"href":"https:\/\/swf.uksw.edu.pl\/pl\/wp-json\/wp\/v2\/media\/4576"}],"wp:attachment":[{"href":"https:\/\/swf.uksw.edu.pl\/pl\/wp-json\/wp\/v2\/media?parent=3361"}],"curies":[{"name":"wp","href":"https:\/\/api.w.org\/{rel}","templated":true}]}}